{"id":1557,"date":"2025-01-08T07:53:23","date_gmt":"2025-01-08T07:53:23","guid":{"rendered":"https:\/\/comparadem.ch\/?page_id=1557"},"modified":"2025-01-08T09:38:25","modified_gmt":"2025-01-08T09:38:25","slug":"politique-de-confidentialite","status":"publish","type":"page","link":"https:\/\/comparadem.ch\/de\/politique-de-confidentialite\/","title":{"rendered":"Datenschutzerkl\u00e4rung"},"content":{"rendered":"<h4><strong>1. Einf\u00fchrung<\/strong><\/h4>\n<p>Der schutz ihrer personenbezogenen daten ist eine priorit\u00e4t f\u00fcr <strong>Comparadem<\/strong>. Wir verpflichten uns, die vertraulichkeit ihrer daten und die behandlung in \u00fcbereinstimmung mit den geltenden vorschriften, insbesondere der <strong>Allgemeine verordnung zum datenschutz (RGPD)<\/strong> und das recht der schweiz.<\/p>\n<p>Diese datenschutzerkl\u00e4rung erl\u00e4utert, welche daten wir erheben und wie diese verwendet werden und welche rechte sie in puncto datenschutz.<\/p>\n<hr \/>\n<h4><strong>2. Daten erhoben<\/strong><\/h4>\n<p>Wenn sie unsere website und unsere dienstleistungen erfassen wir verschiedene kategorien von daten :<\/p>\n<ol>\n<li><strong>Daten, die von ihnen direkt<\/strong> :\n<ul>\n<li>Vor-und nachname.<\/li>\n<li>E-mail-Adresse.<\/li>\n<li>Telefonnummer.<\/li>\n<li>Adresse von an-und abreise, f\u00fcr den kostenvoranschlag.<\/li>\n<li>Andere informationen, die sie f\u00fcllen sie freiwillig in unsere formulare.<\/li>\n<\/ul>\n<\/li>\n<li><strong>Automatisch erfassten daten<\/strong> :\n<ul>\n<li>Die IP-Adresse.<\/li>\n<li>Typ des browsers und betriebssystem.<\/li>\n<li>Navigations-daten auf der webseite (besuchte seiten, verbrachte zeit, usw.).<\/li>\n<\/ul>\n<\/li>\n<li><strong>Cookies<\/strong> :<br \/>\nWir verwenden cookies, um ihre erfahrung zu verbessern benutzer und analysieren sie die performance der website. Finden sie auf unserer <a href=\"#\" rel=\"noopener\">Cookie-richtlinie<\/a> um mehr zu erfahren.<\/li>\n<\/ol>\n<hr \/>\n<h4><strong>3. Zweck der datenverarbeitung<\/strong><\/h4>\n<p>Ihre pers\u00f6nlichen daten werden gesammelt und verarbeitet werden, f\u00fcr die folgenden zwecke :<\/p>\n<ul>\n<li><strong>Unsere dienstleistungen<\/strong> : Bearbeitung von angebotsanfragen und vernetzung mit unseren partnern.<\/li>\n<li><strong>Verbesserung unserer dienstleistungen<\/strong> Analyse von verhaltensweisen, die benutzer, um die nutzung zu optimieren und den inhalt der website.<\/li>\n<li><strong>Kommunikation<\/strong> : Beantworten ihre fragen und senden ihnen informationen oder angebote, wenn sie darin eingewilligt haben.<\/li>\n<li><strong>Die gesetzlichen<\/strong> : Einhaltung der \u00f6ffentlich-rechtlichen verpflichtungen.<\/li>\n<\/ul>\n<hr \/>\n<h4><strong>4. Weitergabe von daten<\/strong><\/h4>\n<p>Ihre pers\u00f6nlichen daten werden nur freigegebene mit :<\/p>\n<ol>\n<li><strong>Die partner-unternehmen<\/strong> : F\u00fcr kostenvoranschlag zu erstellen, und sie ihre dienste anbieten k\u00f6nnen.<\/li>\n<li><strong>Drittanbieter<\/strong> : Anbieter von dienstleistungen oder technische analyse f\u00fcr das hosting, die wartung und optimierung der website.<\/li>\n<\/ol>\n<p>Wir garantieren, dass alle unsere partner respektieren die privatsph\u00e4re und die sicherheit ihrer daten.<\/p>\n<hr \/>\n<h4><strong>5. Sicherheit der daten<\/strong><\/h4>\n<p>Wir setzen geeignete technische und organisatorische ma\u00dfnahmen zum schutz ihrer pers\u00f6nlichen daten vor :<\/p>\n<ul>\n<li>Unbefugtem zugriff.<\/li>\n<li>Die verluste, ver\u00e4nderungen oder offenlegungen von unf\u00e4llen.<\/li>\n<li>Cyber-angriffe.<\/li>\n<\/ul>\n<hr \/>\n<h4><strong>6. Aufbewahrungsdauer der daten<\/strong><\/h4>\n<p>Ihre personenbezogenen daten werden gespeichert :<\/p>\n<ul>\n<li>So lange wie n\u00f6tig, um die gew\u00fcnschten leistungen zu erbringen.<\/li>\n<li>W\u00e4hrend der dauer-bedingt durch die \u00f6ffentlich-rechtlichen verpflichtungen.<\/li>\n<\/ul>\n<hr \/>\n<h4><strong>7. Ihre rechte<\/strong><\/h4>\n<p>Gem\u00e4\u00df RGPD und die gesetzgebung der schweiz, haben sie die folgenden rechte :<\/p>\n<ul>\n<li><strong>Zugang<\/strong> : Holen sie sich eine kopie der personenbezogenen daten, die wir \u00fcber sie gespeichert haben.<\/li>\n<li><strong>Berichtigung<\/strong> : Korrigieren sie alle daten, die ungenau oder unvollst\u00e4ndig.<\/li>\n<li><strong>L\u00f6schen<\/strong> : Die l\u00f6schung ihrer daten, es sei denn ihre aufbewahrung ist gesetzlich vorgeschrieben.<\/li>\n<li><strong>Opposition<\/strong> Ablehnen der verwendung ihrer daten zum zwecke von marketing.<\/li>\n<li><strong>Portabilit\u00e4t<\/strong> Empfangen sie ihre daten in einem strukturierten format und maschinenlesbar.<\/li>\n<\/ul>\n<p>Um ihre rechte wahrzunehmen, kontaktieren sie uns bitte <strong><a rel=\"noopener\">info@comparadem.ch<\/a><\/strong>.<\/p>\n<hr \/>\n<h4><strong>8. Verwendung von cookies<\/strong><\/h4>\n<p>Unsere website verwendet cookies, um :<\/p>\n<ul>\n<li>Navigation zu erleichtern.<\/li>\n<li>Analysieren die reichweite und die performance der website.<br \/>\nSie k\u00f6nnen ihre cookie-einstellungen direkt in ihrem browser oder \u00fcber unsere <a href=\"#\" rel=\"noopener\">Cookie-richtlinie<\/a>.<\/li>\n<\/ul>\n<hr \/>\n<h4><strong>9. \u00c4nderungen der datenschutzerkl\u00e4rung<\/strong><\/h4>\n<p>Comparadem beh\u00e4lt sich das recht vor, diese datenschutzerkl\u00e4rung jederzeit zu. Die \u00e4nderungen werden auf dieser seite ver\u00f6ffentlicht, und es ist ratsam, regelm\u00e4\u00dfig.<\/p>\n<hr \/>\n<h4><strong>10. Kontakt<\/strong><\/h4>\n<p>Bei fragen zu dieser richtlinie oder ihrer pers\u00f6nlichen daten haben, k\u00f6nnen sie uns kontaktieren :<\/p>\n<ul>\n<li><strong>E-mail :<\/strong> <a rel=\"noopener\">info@comparadem.ch<\/a><\/li>\n<li><strong>Telefon :<\/strong> +41 22 123 45 67<\/li>\n<\/ul>","protected":false},"excerpt":{"rendered":"<p>1. Introduction La protection de vos donn\u00e9es personnelles est une priorit\u00e9 pour Comparadem. Nous nous engageons \u00e0 respecter la confidentialit\u00e9 [&hellip;]<\/p>\n","protected":false},"author":1,"featured_media":0,"parent":0,"menu_order":0,"comment_status":"closed","ping_status":"closed","template":"","meta":{"om_disable_all_campaigns":false,"_monsterinsights_skip_tracking":false,"_monsterinsights_sitenote_active":false,"_monsterinsights_sitenote_note":"","_monsterinsights_sitenote_category":0,"site-sidebar-layout":"default","site-content-layout":"","ast-site-content-layout":"default","site-content-style":"default","site-sidebar-style":"default","ast-global-header-display":"","ast-banner-title-visibility":"","ast-main-header-display":"","ast-hfb-above-header-display":"","ast-hfb-below-header-display":"","ast-hfb-mobile-header-display":"","site-post-title":"","ast-breadcrumbs-content":"","ast-featured-img":"","footer-sml-layout":"","ast-disable-related-posts":"","theme-transparent-header-meta":"default","adv-header-id-meta":"","stick-header-meta":"","header-above-stick-meta":"","header-main-stick-meta":"","header-below-stick-meta":"","astra-migrate-meta-layouts":"set","ast-page-background-enabled":"default","ast-page-background-meta":{"desktop":{"background-color":"var(--ast-global-color-4)","background-image":"","background-repeat":"repeat","background-position":"center center","background-size":"auto","background-attachment":"scroll","background-type":"","background-media":"","overlay-type":"","overlay-color":"","overlay-opacity":"","overlay-gradient":""},"tablet":{"background-color":"","background-image":"","background-repeat":"repeat","background-position":"center center","background-size":"auto","background-attachment":"scroll","background-type":"","background-media":"","overlay-type":"","overlay-color":"","overlay-opacity":"","overlay-gradient":""},"mobile":{"background-color":"","background-image":"","background-repeat":"repeat","background-position":"center center","background-size":"auto","background-attachment":"scroll","background-type":"","background-media":"","overlay-type":"","overlay-color":"","overlay-opacity":"","overlay-gradient":""}},"ast-content-background-meta":{"desktop":{"background-color":"var(--ast-global-color-5)","background-image":"","background-repeat":"repeat","background-position":"center center","background-size":"auto","background-attachment":"scroll","background-type":"","background-media":"","overlay-type":"","overlay-color":"","overlay-opacity":"","overlay-gradient":""},"tablet":{"background-color":"var(--ast-global-color-5)","background-image":"","background-repeat":"repeat","background-position":"center center","background-size":"auto","background-attachment":"scroll","background-type":"","background-media":"","overlay-type":"","overlay-color":"","overlay-opacity":"","overlay-gradient":""},"mobile":{"background-color":"var(--ast-global-color-5)","background-image":"","background-repeat":"repeat","background-position":"center center","background-size":"auto","background-attachment":"scroll","background-type":"","background-media":"","overlay-type":"","overlay-color":"","overlay-opacity":"","overlay-gradient":""}},"footnotes":""},"class_list":["post-1557","page","type-page","status-publish","hentry"],"aioseo_notices":[],"_links":{"self":[{"href":"https:\/\/comparadem.ch\/de\/wp-json\/wp\/v2\/pages\/1557","targetHints":{"allow":["GET"]}}],"collection":[{"href":"https:\/\/comparadem.ch\/de\/wp-json\/wp\/v2\/pages"}],"about":[{"href":"https:\/\/comparadem.ch\/de\/wp-json\/wp\/v2\/types\/page"}],"author":[{"embeddable":true,"href":"https:\/\/comparadem.ch\/de\/wp-json\/wp\/v2\/users\/1"}],"replies":[{"embeddable":true,"href":"https:\/\/comparadem.ch\/de\/wp-json\/wp\/v2\/comments?post=1557"}],"version-history":[{"count":2,"href":"https:\/\/comparadem.ch\/de\/wp-json\/wp\/v2\/pages\/1557\/revisions"}],"predecessor-version":[{"id":1630,"href":"https:\/\/comparadem.ch\/de\/wp-json\/wp\/v2\/pages\/1557\/revisions\/1630"}],"wp:attachment":[{"href":"https:\/\/comparadem.ch\/de\/wp-json\/wp\/v2\/media?parent=1557"}],"curies":[{"name":"wp","href":"https:\/\/api.w.org\/{rel}","templated":true}]}}